{"id":484,"date":"2014-12-08T12:14:01","date_gmt":"2014-12-08T11:14:01","guid":{"rendered":"http:\/\/s509616707.onlinehome.fr\/ballue\/?page_id=484"},"modified":"2022-12-15T22:16:42","modified_gmt":"2022-12-15T21:16:42","slug":"location","status":"publish","type":"page","link":"https:\/\/www.laballuejardin.com\/en\/location","title":{"rendered":"Location"},"content":{"rendered":"<p><iframe style=\"border: 0;\" src=\"https:\/\/www.google.com\/maps\/embed?pb=!1m14!1m8!1m3!1d10586.837539181635!2d-1.5380739!3d48.4429172!3m2!1i1024!2i768!4f13.1!3m3!1m2!1s0x0%3A0x74322f4b4a59e578!2sJardins%20de%20la%20Ballue!5e0!3m2!1sfr!2sfr!4v1651827045552!5m2!1sfr!2sfr\" width=\"100%\" height=\"450\" allowfullscreen=\"allowfullscreen\"><\/iframe><\/p>\r\n<div class=\"fusion-fullwidth fullwidth-box fusion-builder-row-1 fusion-flex-container hundred-percent-fullwidth non-hundred-percent-height-scrolling\" style=\"--awb-border-radius-top-left:0px;--awb-border-radius-top-right:0px;--awb-border-radius-bottom-right:0px;--awb-border-radius-bottom-left:0px;--awb-overflow:visible;--awb-flex-wrap:wrap;\" ><div class=\"fusion-builder-row fusion-row fusion-flex-align-items-flex-start fusion-flex-content-wrap\" style=\"width:104% !important;max-width:104% !important;margin-left: calc(-4% \/ 2 );margin-right: calc(-4% \/ 2 );\"><div class=\"fusion-layout-column fusion_builder_column fusion-builder-column-0 fusion_builder_column_1_2 1_2 fusion-flex-column\" style=\"--awb-bg-size:cover;--awb-width-large:50%;--awb-margin-top-large:0px;--awb-spacing-right-large:3.84%;--awb-margin-bottom-large:20px;--awb-spacing-left-large:3.84%;--awb-width-medium:50%;--awb-spacing-right-medium:3.84%;--awb-spacing-left-medium:3.84%;--awb-width-small:100%;--awb-spacing-right-small:1.92%;--awb-spacing-left-small:1.92%;\"><div class=\"fusion-column-wrapper fusion-flex-justify-content-flex-start fusion-content-layout-column\">\r\n<h3><div class=\"fusion-title title fusion-title-1 fusion-sep-none fusion-title-text fusion-title-size-three\"><h3 class=\"fusion-title-heading title-heading-left\" style=\"margin:0;\"><strong>Directions<\/strong><\/h3><\/div><\/h3>\r\n<p><strong>From Paris:<\/strong><br \/>&#8211; Take the Highway A13 (toward Rouen \u2013 Caen, then Rennes) until you reach Avranches, exit 34, toward Saint Malo (on the N175). At Pontorson, go toward Antrain (N175). At Antrain, turn toward Bazouges la P\u00e9rouse (on the D313). There is a sign for the ch\u00e2teau on the right, 4 kms after Antrain.<br \/>or<br \/>&#8211; Take the Highway A11 (toward Paris-Le Mans-Rennes) until you reach Le Mans, then take the A81 until Exit 5 at Laval (after the toll booth), going toward Foug\u00e8res, then take the D155 toward Saint Malo until you reach Antrain. Then follow the signage in Dol de Bretagne toward Bazouges la P\u00e9rouse (D313). There is a sign for the ch\u00e2teau on the right, 4 kms after Antrain.<\/p>\r\n<p><strong>From Rennes:<\/strong><br \/>Take the Northern bypass to Exit 15, the &#8220;Historical Mont Saint Michel Route,&#8221; the D175. At Sens-de-Bretagne, go toward Combourg on the D794, then at Saint-R\u00e9mi-du-Plain, turn toward Bazouges la P\u00e9rouse (on the D90). At the crossroads at Bazouges la P\u00e9rouse, there is a sign for the ch\u00e2teau 4 kms from the town.<\/p>\r\n<p><strong>From Mont Saint-Michel :<\/strong><br \/>Go toward Pontorson (on the D976), then turn toward Rennes (N175). At Antrain, go toward Bazouges la P\u00e9rouse (on the D313). There is a sign for the ch\u00e2teau on the right, 4 kms after Antrain.<\/p>\r\n<p><strong>From Dinan or Saint Malo :<\/strong><br \/>Take the N176 all the way to Dol de Bretagne, then the 2nd exit going toward Foug\u00e8res (on the D155). At Trans la For\u00eat, turn right, toward Bazouges la P\u00e9rouse (D90 ). When you arrive in the lower village, turn left on the D91 (there is a sign for the ch\u00e2teau 3 kms out).<br \/>Or you may continue toward Foug\u00e8res at Trans la For\u00eat. Turn right in the Villecartier Forest (on the D91). There is a sign for the ch\u00e2teau.<\/p>\r\n<p><strong>From Foug\u00e8res:<\/strong><br \/>Go toward Saint-Malo until you reach Antrain.<br \/>At Antrain, go toward Dol de Bretagne, and look for the sign for the Ch\u00e2teau de La Ballue. (4 km after Antrain).<\/p>\r\n<\/div><\/div><div class=\"fusion-layout-column fusion_builder_column fusion-builder-column-1 fusion_builder_column_1_2 1_2 fusion-flex-column\" style=\"--awb-bg-size:cover;--awb-width-large:50%;--awb-margin-top-large:0px;--awb-spacing-right-large:3.84%;--awb-margin-bottom-large:20px;--awb-spacing-left-large:3.84%;--awb-width-medium:50%;--awb-spacing-right-medium:3.84%;--awb-spacing-left-medium:3.84%;--awb-width-small:100%;--awb-spacing-right-small:1.92%;--awb-spacing-left-small:1.92%;\"><div class=\"fusion-column-wrapper fusion-flex-justify-content-flex-start fusion-content-layout-column\">\r\n<h3><div class=\"fusion-title title fusion-title-2 fusion-sep-none fusion-title-text fusion-title-size-three\"><h3 class=\"fusion-title-heading title-heading-left\" style=\"margin:0;\"><strong>Adress<\/strong><\/h3><\/div><\/h3>\r\n<p><img decoding=\"async\" class=\"alignnone size-full wp-image-286\" src=\"https:\/\/www.laballuejardin.com\/wp-content\/uploads\/2014\/05\/thumb_75__slideshow_medium.jpeg\" alt=\"thumb_75__slideshow_medium\" width=\"1280\" height=\"800\" \/><\/p>\r\n<p><strong>Ch\u00e2teau de la Ballue<\/strong><br \/>35560 Bazouges la P\u00e9rouse<br \/>France<\/p>\r\n<p>T\u00e9l. : + 33 (0)2 99 97 47 86<br \/>Fax : + 33 (0)2 99 97 47 70<br \/>Email. : chateau@la-ballue.com<\/p>\r\n<p><strong>Coordonn\u00e9es GPS<\/strong><br \/>Latitude : 48. 44 32 63<br \/>Longitude : -1.53 84 95<\/p>\r\n<div class=\"accordian fusion-accordian\" style=\"--awb-border-size:1px;--awb-icon-size:16px;--awb-content-font-size:var(--awb-typography4-font-size);--awb-icon-alignment:left;--awb-hover-color:var(--awb-color2);--awb-border-color:var(--awb-color3);--awb-background-color:var(--awb-color1);--awb-divider-color:var(--awb-color3);--awb-divider-hover-color:var(--awb-color3);--awb-icon-color:var(--awb-color1);--awb-title-color:var(--awb-color8);--awb-content-color:var(--awb-color8);--awb-icon-box-color:#333333;--awb-toggle-hover-accent-color:var(--awb-color5);--awb-title-font-family:var(--awb-typography1-font-family);--awb-title-font-weight:var(--awb-typography1-font-weight);--awb-title-font-style:var(--awb-typography1-font-style);--awb-title-font-size:24px;--awb-title-line-height:1.54;--awb-content-font-family:var(--awb-typography4-font-family);--awb-content-font-weight:var(--awb-typography4-font-weight);--awb-content-font-style:var(--awb-typography4-font-style);\"><div class=\"panel-group fusion-toggle-icon-boxed\" id=\"accordion-484-1\"><div class=\"fusion-panel panel-default panel-2c4c0cb76b2988f97 fusion-toggle-has-divider\"><div class=\"panel-heading\"><h4 class=\"panel-title toggle\" id=\"toggle_2c4c0cb76b2988f97\"><a aria-expanded=\"false\" aria-controls=\"2c4c0cb76b2988f97\" role=\"button\" data-toggle=\"collapse\" data-parent=\"#accordion-484-1\" data-target=\"#2c4c0cb76b2988f97\" href=\"#2c4c0cb76b2988f97\"><span class=\"fusion-toggle-icon-wrapper\" aria-hidden=\"true\"><i class=\"fa-fusion-box active-icon awb-icon-minus\" aria-hidden=\"true\"><\/i><i class=\"fa-fusion-box inactive-icon awb-icon-plus\" aria-hidden=\"true\"><\/i><\/span><span class=\"fusion-toggle-heading\">Guided visit : \u20ac 80<\/span><\/a><\/h4><\/div><div id=\"2c4c0cb76b2988f97\" class=\"panel-collapse collapse \" aria-labelledby=\"toggle_2c4c0cb76b2988f97\"><div class=\"panel-body toggle-content fusion-clearfix\">Groups of ten people or more can enjoy a guided tour with the owner.<br \/>Duration : 1h30.<br \/><\/div><\/div><\/div>\r\n<div class=\"fusion-panel panel-default panel-b39f00b5612c44dae fusion-toggle-has-divider\"><div class=\"panel-heading\"><h4 class=\"panel-title toggle\" id=\"toggle_b39f00b5612c44dae\"><a aria-expanded=\"false\" aria-controls=\"b39f00b5612c44dae\" role=\"button\" data-toggle=\"collapse\" data-parent=\"#accordion-484-1\" data-target=\"#b39f00b5612c44dae\" href=\"#b39f00b5612c44dae\"><span class=\"fusion-toggle-icon-wrapper\" aria-hidden=\"true\"><i class=\"fa-fusion-box active-icon awb-icon-minus\" aria-hidden=\"true\"><\/i><i class=\"fa-fusion-box inactive-icon awb-icon-plus\" aria-hidden=\"true\"><\/i><\/span><span class=\"fusion-toggle-heading\">Visit : \u20ac 9,50<\/span><\/a><\/h4><\/div><div id=\"b39f00b5612c44dae\" class=\"panel-collapse collapse \" aria-labelledby=\"toggle_b39f00b5612c44dae\"><div class=\"panel-body toggle-content fusion-clearfix\">&#8211; Adults : \u20ac 10,50<br \/>&#8211; 10-18 years old, students and groups \u20ac 8.50.<br \/>&#8211; Under 10 years old : free.<\/p>\r\n<\/div><\/div><\/div>\r\n<div class=\"fusion-panel panel-default panel-924f4be17b5b7116a fusion-toggle-has-divider\"><div class=\"panel-heading\"><h4 class=\"panel-title toggle\" id=\"toggle_924f4be17b5b7116a\"><a aria-expanded=\"false\" aria-controls=\"924f4be17b5b7116a\" role=\"button\" data-toggle=\"collapse\" data-parent=\"#accordion-484-1\" data-target=\"#924f4be17b5b7116a\" href=\"#924f4be17b5b7116a\"><span class=\"fusion-toggle-icon-wrapper\" aria-hidden=\"true\"><i class=\"fa-fusion-box active-icon awb-icon-minus\" aria-hidden=\"true\"><\/i><i class=\"fa-fusion-box inactive-icon awb-icon-plus\" aria-hidden=\"true\"><\/i><\/span><span class=\"fusion-toggle-heading\">Subscription 1 the year : \u20ac 35<\/span><\/a><\/h4><\/div><div id=\"924f4be17b5b7116a\" class=\"panel-collapse collapse \" aria-labelledby=\"toggle_924f4be17b5b7116a\"><div class=\"panel-body toggle-content fusion-clearfix\">\r\n<\/div><\/div><\/div><\/div><\/div>\r\n<\/div><\/div>\r\n\r\n<div class=\"wp-block-spacer\" style=\"height: 39px;\" aria-hidden=\"true\">\u00a0<\/div>\r\n\r\n\r\n\r\n<div class=\"wp-block-buttons is-content-justification-center is-layout-flex wp-block-buttons-is-layout-flex\">\r\n<div class=\"wp-block-button has-custom-width wp-block-button__width-100\"><a class=\"wp-block-button__link has-background\" style=\"background-color: #b9b575;\" href=\"https:\/\/www.laballuejardin.com\/en\/online-tickets\">Book your visit<\/a><\/div>\r\n<\/div>\r\n\r\n\r\n\r\n<figure class=\"wp-block-image size-large\"><a href=\"https:\/\/www.laballuejardin.com\/wp-content\/uploads\/2014\/05\/chateau-et-jardins-de-la-ballue1.jpg\"><img decoding=\"async\" width=\"1024\" height=\"576\" class=\"wp-image-3921\" src=\"https:\/\/www.laballuejardin.com\/wp-content\/uploads\/2014\/05\/chateau-et-jardins-de-la-ballue1-1024x576.jpg\" alt=\"\" srcset=\"https:\/\/www.laballuejardin.com\/wp-content\/uploads\/2014\/05\/chateau-et-jardins-de-la-ballue1-300x169.jpg 300w, https:\/\/www.laballuejardin.com\/wp-content\/uploads\/2014\/05\/chateau-et-jardins-de-la-ballue1-1024x576.jpg 1024w, https:\/\/www.laballuejardin.com\/wp-content\/uploads\/2014\/05\/chateau-et-jardins-de-la-ballue1.jpg 1920w\" sizes=\"(max-width: 1024px) 100vw, 1024px\" \/><\/a><\/figure>\r\n\r\n\r\n\r\n<div class=\"wp-block-spacer\" style=\"height: 40px;\" aria-hidden=\"true\">\u00a0<\/div>\r\n\r\n\r\n\r\n<h2 class=\"wp-block-heading\">Before getting in the car<\/h2>\r\n\r\n\r\n\r\n<div class=\"wp-block-columns is-layout-flex wp-container-core-columns-is-layout-9d6595d7 wp-block-columns-is-layout-flex\">\r\n<div class=\"wp-block-column is-layout-flow wp-block-column-is-layout-flow\">\r\n<figure class=\"wp-block-image size-large\"><a href=\"https:\/\/www.laballuejardin.com\/wp-content\/uploads\/2014\/12\/la-ballue-jardin-211.jpg\"><img decoding=\"async\" width=\"1024\" height=\"576\" class=\"wp-image-3974\" src=\"https:\/\/www.laballuejardin.com\/wp-content\/uploads\/2014\/12\/la-ballue-jardin-211-1024x576.jpg\" alt=\"\" srcset=\"https:\/\/www.laballuejardin.com\/wp-content\/uploads\/2014\/12\/la-ballue-jardin-211-300x169.jpg 300w, https:\/\/www.laballuejardin.com\/wp-content\/uploads\/2014\/12\/la-ballue-jardin-211-1024x576.jpg 1024w, https:\/\/www.laballuejardin.com\/wp-content\/uploads\/2014\/12\/la-ballue-jardin-211.jpg 1417w\" sizes=\"(max-width: 1024px) 100vw, 1024px\" \/><\/a><\/figure>\r\n\r\n\r\n\r\n<div class=\"wp-block-buttons is-content-justification-center is-layout-flex wp-block-buttons-is-layout-flex\">\r\n<div class=\"wp-block-button\"><a class=\"wp-block-button__link has-background\" style=\"background-color: #b9b575;\" href=\"https:\/\/www.laballuejardin.com\/en\/guided-visit\">Gardens&#8217; Layout<\/a><\/div>\r\n<\/div>\r\n<\/div>\r\n\r\n\r\n\r\n<div class=\"wp-block-column is-layout-flow wp-block-column-is-layout-flow\">\r\n<figure class=\"wp-block-image size-large\"><a href=\"https:\/\/www.laballuejardin.com\/wp-content\/uploads\/2021\/03\/DSC_0762.jpg\"><img decoding=\"async\" width=\"1024\" height=\"681\" class=\"wp-image-3895\" src=\"https:\/\/www.laballuejardin.com\/wp-content\/uploads\/2021\/03\/DSC_0762-1024x681.jpg\" alt=\"\" srcset=\"https:\/\/www.laballuejardin.com\/wp-content\/uploads\/2021\/03\/DSC_0762-300x199.jpg 300w, https:\/\/www.laballuejardin.com\/wp-content\/uploads\/2021\/03\/DSC_0762-768x511.jpg 768w, https:\/\/www.laballuejardin.com\/wp-content\/uploads\/2021\/03\/DSC_0762-1024x681.jpg 1024w\" sizes=\"(max-width: 1024px) 100vw, 1024px\" \/><\/a><\/figure>\r\n\r\n\r\n\r\n<div class=\"wp-block-buttons is-content-justification-center is-layout-flex wp-block-buttons-is-layout-flex\">\r\n<div class=\"wp-block-button\"><a class=\"wp-block-button__link has-background\" style=\"background-color: #b9b575;\" href=\"https:\/\/www.laballuejardin.com\/en\/photos-2\">Gardens&#8217; Galery<\/a><\/div>\r\n<\/div>\r\n<\/div>\r\n\r\n\r\n\r\n<div class=\"wp-block-column is-layout-flow wp-block-column-is-layout-flow\">\r\n<figure class=\"wp-block-image size-large\"><a href=\"https:\/\/www.laballuejardin.com\/wp-content\/uploads\/2014\/12\/la-ballue-jardin-101.jpg\"><img decoding=\"async\" width=\"1024\" height=\"576\" class=\"wp-image-3954\" src=\"https:\/\/www.laballuejardin.com\/wp-content\/uploads\/2014\/12\/la-ballue-jardin-101-1024x576.jpg\" alt=\"\" srcset=\"https:\/\/www.laballuejardin.com\/wp-content\/uploads\/2014\/12\/la-ballue-jardin-101-300x169.jpg 300w, https:\/\/www.laballuejardin.com\/wp-content\/uploads\/2014\/12\/la-ballue-jardin-101-1024x576.jpg 1024w, https:\/\/www.laballuejardin.com\/wp-content\/uploads\/2014\/12\/la-ballue-jardin-101.jpg 1417w\" sizes=\"(max-width: 1024px) 100vw, 1024px\" \/><\/a><\/figure>\r\n\r\n\r\n\r\n<div class=\"wp-block-buttons is-content-justification-center is-layout-flex wp-block-buttons-is-layout-flex\">\r\n<div class=\"wp-block-button\"><a class=\"wp-block-button__link has-background\" style=\"background-color: #b9b575;\" href=\"https:\/\/www.laballuejardin.com\/en\/tearoom\">Tea Time<\/a><\/div>\r\n<\/div>\r\n<\/div>\r\n<\/div>\r\n\r\n\r\n\r\n<p>Our team is available to answer any of your questions. Just send us an email at <a href=\"mailto:chateau@la-ballue.com\" target=\"_blank\" rel=\"noreferrer noopener\">chateau@la-ballue.com<\/a> or by phone+33 2 99 97 47 86. We shall answer you shortly.<\/p>\r\n\r\n<\/div><\/div>","protected":false},"excerpt":{"rendered":"","protected":false},"author":2,"featured_media":0,"parent":0,"menu_order":0,"comment_status":"closed","ping_status":"closed","template":"","meta":{"footnotes":""},"class_list":["post-484","page","type-page","status-publish","hentry"],"yoast_head":"<!-- This site is optimized with the Yoast SEO plugin v25.2 - https:\/\/yoast.com\/wordpress\/plugins\/seo\/ -->\n<title>How to get to the Jardins de la Ballue by car in Brittany ?<\/title>\n<meta name=\"description\" content=\"The Jardins de la ballue are located between Saint-Malo and the Mont-Saint-Michel at Bazouges la P\u00e9rouse. Follow the ch\u00e2teau sign to find it.\" \/>\n<meta name=\"robots\" content=\"index, follow, max-snippet:-1, max-image-preview:large, max-video-preview:-1\" \/>\n<link rel=\"canonical\" href=\"https:\/\/www.laballuejardin.com\/en\/location\" \/>\n<meta property=\"og:locale\" content=\"en_US\" \/>\n<meta property=\"og:type\" content=\"article\" \/>\n<meta property=\"og:title\" content=\"How to get to the Jardins de la Ballue by car in Brittany ?\" \/>\n<meta property=\"og:description\" content=\"The Jardins de la ballue are located between Saint-Malo and the Mont-Saint-Michel at Bazouges la P\u00e9rouse. Follow the ch\u00e2teau sign to find it.\" \/>\n<meta property=\"og:url\" content=\"https:\/\/www.laballuejardin.com\/en\/location\" \/>\n<meta property=\"og:site_name\" content=\"Les Jardins de la Ballue\" \/>\n<meta property=\"article:publisher\" content=\"https:\/\/www.facebook.com\/LaBalluesonchateauetsesjardins\" \/>\n<meta property=\"article:modified_time\" content=\"2022-12-15T21:16:42+00:00\" \/>\n<meta property=\"og:image\" content=\"https:\/\/www.laballuejardin.com\/wp-content\/uploads\/2014\/05\/thumb_75__slideshow_medium.jpeg\" \/>\n<meta name=\"twitter:card\" content=\"summary_large_image\" \/>\n<script type=\"application\/ld+json\" class=\"yoast-schema-graph\">{\"@context\":\"https:\/\/schema.org\",\"@graph\":[{\"@type\":\"WebPage\",\"@id\":\"https:\/\/www.laballuejardin.com\/en\/location\",\"url\":\"https:\/\/www.laballuejardin.com\/en\/location\",\"name\":\"How to get to the Jardins de la Ballue by car in Brittany ?\",\"isPartOf\":{\"@id\":\"https:\/\/www.laballuejardin.com\/en\/#website\"},\"primaryImageOfPage\":{\"@id\":\"https:\/\/www.laballuejardin.com\/en\/location#primaryimage\"},\"image\":{\"@id\":\"https:\/\/www.laballuejardin.com\/en\/location#primaryimage\"},\"thumbnailUrl\":\"https:\/\/www.laballuejardin.com\/wp-content\/uploads\/2014\/05\/thumb_75__slideshow_medium.jpeg\",\"datePublished\":\"2014-12-08T11:14:01+00:00\",\"dateModified\":\"2022-12-15T21:16:42+00:00\",\"description\":\"The Jardins de la ballue are located between Saint-Malo and the Mont-Saint-Michel at Bazouges la P\u00e9rouse. Follow the ch\u00e2teau sign to find it.\",\"breadcrumb\":{\"@id\":\"https:\/\/www.laballuejardin.com\/en\/location#breadcrumb\"},\"inLanguage\":\"en-US\",\"potentialAction\":[{\"@type\":\"ReadAction\",\"target\":[\"https:\/\/www.laballuejardin.com\/en\/location\"]}]},{\"@type\":\"ImageObject\",\"inLanguage\":\"en-US\",\"@id\":\"https:\/\/www.laballuejardin.com\/en\/location#primaryimage\",\"url\":\"https:\/\/www.laballuejardin.com\/wp-content\/uploads\/2014\/05\/thumb_75__slideshow_medium.jpeg\",\"contentUrl\":\"https:\/\/www.laballuejardin.com\/wp-content\/uploads\/2014\/05\/thumb_75__slideshow_medium.jpeg\"},{\"@type\":\"BreadcrumbList\",\"@id\":\"https:\/\/www.laballuejardin.com\/en\/location#breadcrumb\",\"itemListElement\":[{\"@type\":\"ListItem\",\"position\":1,\"name\":\"Accueil\",\"item\":\"https:\/\/www.laballuejardin.com\/en\"},{\"@type\":\"ListItem\",\"position\":2,\"name\":\"Location\"}]},{\"@type\":\"WebSite\",\"@id\":\"https:\/\/www.laballuejardin.com\/en\/#website\",\"url\":\"https:\/\/www.laballuejardin.com\/en\/\",\"name\":\"Les Jardins de la Ballue\",\"description\":\"Joyaux du patrimoine d&#039;Ile et Vilaine\",\"publisher\":{\"@id\":\"https:\/\/www.laballuejardin.com\/en\/#organization\"},\"potentialAction\":[{\"@type\":\"SearchAction\",\"target\":{\"@type\":\"EntryPoint\",\"urlTemplate\":\"https:\/\/www.laballuejardin.com\/en\/?s={search_term_string}\"},\"query-input\":{\"@type\":\"PropertyValueSpecification\",\"valueRequired\":true,\"valueName\":\"search_term_string\"}}],\"inLanguage\":\"en-US\"},{\"@type\":\"Organization\",\"@id\":\"https:\/\/www.laballuejardin.com\/en\/#organization\",\"name\":\"les Jardins du ch\u00e2teau de la Ballue\",\"url\":\"https:\/\/www.laballuejardin.com\/en\/\",\"logo\":{\"@type\":\"ImageObject\",\"inLanguage\":\"en-US\",\"@id\":\"https:\/\/www.laballuejardin.com\/en\/#\/schema\/logo\/image\/\",\"url\":\"https:\/\/www.laballuejardin.com\/wp-content\/uploads\/2014\/12\/la-ballue-logo1.jpg\",\"contentUrl\":\"https:\/\/www.laballuejardin.com\/wp-content\/uploads\/2014\/12\/la-ballue-logo1.jpg\",\"width\":297,\"height\":69,\"caption\":\"les Jardins du ch\u00e2teau de la Ballue\"},\"image\":{\"@id\":\"https:\/\/www.laballuejardin.com\/en\/#\/schema\/logo\/image\/\"},\"sameAs\":[\"https:\/\/www.facebook.com\/LaBalluesonchateauetsesjardins\",\"https:\/\/www.instagram.com\/chateaudelaballue\/\",\"https:\/\/www.linkedin.com\/in\/marie-fran\u00e7oise-mathiot-mathon-17453a87?originalSubdomain=fr\",\"https:\/\/www.pinterest.fr\/laballue\/_created\/\",\"https:\/\/fr.wikipedia.org\/wiki\/Ch\u00e2teau_de_la_Ballue\"]}]}<\/script>\n<!-- \/ Yoast SEO plugin. -->","yoast_head_json":{"title":"How to get to the Jardins de la Ballue by car in Brittany ?","description":"The Jardins de la ballue are located between Saint-Malo and the Mont-Saint-Michel at Bazouges la P\u00e9rouse. Follow the ch\u00e2teau sign to find it.","robots":{"index":"index","follow":"follow","max-snippet":"max-snippet:-1","max-image-preview":"max-image-preview:large","max-video-preview":"max-video-preview:-1"},"canonical":"https:\/\/www.laballuejardin.com\/en\/location","og_locale":"en_US","og_type":"article","og_title":"How to get to the Jardins de la Ballue by car in Brittany ?","og_description":"The Jardins de la ballue are located between Saint-Malo and the Mont-Saint-Michel at Bazouges la P\u00e9rouse. Follow the ch\u00e2teau sign to find it.","og_url":"https:\/\/www.laballuejardin.com\/en\/location","og_site_name":"Les Jardins de la Ballue","article_publisher":"https:\/\/www.facebook.com\/LaBalluesonchateauetsesjardins","article_modified_time":"2022-12-15T21:16:42+00:00","og_image":[{"url":"https:\/\/www.laballuejardin.com\/wp-content\/uploads\/2014\/05\/thumb_75__slideshow_medium.jpeg","type":"","width":"","height":""}],"twitter_card":"summary_large_image","schema":{"@context":"https:\/\/schema.org","@graph":[{"@type":"WebPage","@id":"https:\/\/www.laballuejardin.com\/en\/location","url":"https:\/\/www.laballuejardin.com\/en\/location","name":"How to get to the Jardins de la Ballue by car in Brittany ?","isPartOf":{"@id":"https:\/\/www.laballuejardin.com\/en\/#website"},"primaryImageOfPage":{"@id":"https:\/\/www.laballuejardin.com\/en\/location#primaryimage"},"image":{"@id":"https:\/\/www.laballuejardin.com\/en\/location#primaryimage"},"thumbnailUrl":"https:\/\/www.laballuejardin.com\/wp-content\/uploads\/2014\/05\/thumb_75__slideshow_medium.jpeg","datePublished":"2014-12-08T11:14:01+00:00","dateModified":"2022-12-15T21:16:42+00:00","description":"The Jardins de la ballue are located between Saint-Malo and the Mont-Saint-Michel at Bazouges la P\u00e9rouse. Follow the ch\u00e2teau sign to find it.","breadcrumb":{"@id":"https:\/\/www.laballuejardin.com\/en\/location#breadcrumb"},"inLanguage":"en-US","potentialAction":[{"@type":"ReadAction","target":["https:\/\/www.laballuejardin.com\/en\/location"]}]},{"@type":"ImageObject","inLanguage":"en-US","@id":"https:\/\/www.laballuejardin.com\/en\/location#primaryimage","url":"https:\/\/www.laballuejardin.com\/wp-content\/uploads\/2014\/05\/thumb_75__slideshow_medium.jpeg","contentUrl":"https:\/\/www.laballuejardin.com\/wp-content\/uploads\/2014\/05\/thumb_75__slideshow_medium.jpeg"},{"@type":"BreadcrumbList","@id":"https:\/\/www.laballuejardin.com\/en\/location#breadcrumb","itemListElement":[{"@type":"ListItem","position":1,"name":"Accueil","item":"https:\/\/www.laballuejardin.com\/en"},{"@type":"ListItem","position":2,"name":"Location"}]},{"@type":"WebSite","@id":"https:\/\/www.laballuejardin.com\/en\/#website","url":"https:\/\/www.laballuejardin.com\/en\/","name":"Les Jardins de la Ballue","description":"Joyaux du patrimoine d&#039;Ile et Vilaine","publisher":{"@id":"https:\/\/www.laballuejardin.com\/en\/#organization"},"potentialAction":[{"@type":"SearchAction","target":{"@type":"EntryPoint","urlTemplate":"https:\/\/www.laballuejardin.com\/en\/?s={search_term_string}"},"query-input":{"@type":"PropertyValueSpecification","valueRequired":true,"valueName":"search_term_string"}}],"inLanguage":"en-US"},{"@type":"Organization","@id":"https:\/\/www.laballuejardin.com\/en\/#organization","name":"les Jardins du ch\u00e2teau de la Ballue","url":"https:\/\/www.laballuejardin.com\/en\/","logo":{"@type":"ImageObject","inLanguage":"en-US","@id":"https:\/\/www.laballuejardin.com\/en\/#\/schema\/logo\/image\/","url":"https:\/\/www.laballuejardin.com\/wp-content\/uploads\/2014\/12\/la-ballue-logo1.jpg","contentUrl":"https:\/\/www.laballuejardin.com\/wp-content\/uploads\/2014\/12\/la-ballue-logo1.jpg","width":297,"height":69,"caption":"les Jardins du ch\u00e2teau de la Ballue"},"image":{"@id":"https:\/\/www.laballuejardin.com\/en\/#\/schema\/logo\/image\/"},"sameAs":["https:\/\/www.facebook.com\/LaBalluesonchateauetsesjardins","https:\/\/www.instagram.com\/chateaudelaballue\/","https:\/\/www.linkedin.com\/in\/marie-fran\u00e7oise-mathiot-mathon-17453a87?originalSubdomain=fr","https:\/\/www.pinterest.fr\/laballue\/_created\/","https:\/\/fr.wikipedia.org\/wiki\/Ch\u00e2teau_de_la_Ballue"]}]}},"_links":{"self":[{"href":"https:\/\/www.laballuejardin.com\/en\/wp-json\/wp\/v2\/pages\/484","targetHints":{"allow":["GET"]}}],"collection":[{"href":"https:\/\/www.laballuejardin.com\/en\/wp-json\/wp\/v2\/pages"}],"about":[{"href":"https:\/\/www.laballuejardin.com\/en\/wp-json\/wp\/v2\/types\/page"}],"author":[{"embeddable":true,"href":"https:\/\/www.laballuejardin.com\/en\/wp-json\/wp\/v2\/users\/2"}],"replies":[{"embeddable":true,"href":"https:\/\/www.laballuejardin.com\/en\/wp-json\/wp\/v2\/comments?post=484"}],"version-history":[{"count":13,"href":"https:\/\/www.laballuejardin.com\/en\/wp-json\/wp\/v2\/pages\/484\/revisions"}],"predecessor-version":[{"id":4958,"href":"https:\/\/www.laballuejardin.com\/en\/wp-json\/wp\/v2\/pages\/484\/revisions\/4958"}],"wp:attachment":[{"href":"https:\/\/www.laballuejardin.com\/en\/wp-json\/wp\/v2\/media?parent=484"}],"curies":[{"name":"wp","href":"https:\/\/api.w.org\/{rel}","templated":true}]}}