{"id":478,"date":"2014-12-08T12:11:45","date_gmt":"2014-12-08T11:11:45","guid":{"rendered":"http:\/\/s509616707.onlinehome.fr\/ballue\/?page_id=478"},"modified":"2015-05-27T11:15:46","modified_gmt":"2015-05-27T10:15:46","slug":"links","status":"publish","type":"page","link":"https:\/\/www.laballuejardin.com\/en\/links","title":{"rendered":"Links"},"content":{"rendered":"<blockquote><p>\u25a0 Festivals Musiques Classiques Bretagne<br \/>\n<a href=\"http:\/\/www.festivals-musiques-classiques-bretagne.com\/\" target=\"_blank\">www.festivals-musiques-classiques-bretagne.com<\/a><\/p>\n<p>\u25a0 Cheques Cadeaux Culturels.com<br \/>\n<a href=\"http:\/\/www.chequeculture.com\" target=\"_blank\">www.chequeculture.com<\/a><\/p>\n<p>\u25a0 Les jardins de Kerdalo &#8211; 22220 Tr\u00e9darzec Tr\u00e9guier &#8211; t\u00e9l (33) 02 96 92 35 94<br \/>\n<a href=\"http:\/\/www.parcsetjardins.fr\/bretagne\/cotes_d_armor\/les_jardins_de_kerdalo-98.html\" target=\"_blank\">www.parcsetjardins.fr<\/a><\/p>\n<p>\u25a0 Parc floral de haute Bretagne &#8211; 35133 le Chatelier &#8211; t\u00e9l (33) 02 99 95 48 32<br \/>\n<a href=\"http:\/\/www.parcfloralbretagne.com\" target=\"_blank\">www.parcfloralbretagne.com<\/a><\/p>\n<p>\u25a0 Jardins du Montmarin &#8211; 35730 Pleurtuit &#8211; t\u00e9l (33) 02 99 88 58 79<br \/>\n<a href=\"http:\/\/www.domainedumontmarin.com\" target=\"_blank\">www.domainedumontmarin.com<\/a><\/p>\n<p>\u25a0 Comit\u00e9 d\u00e9partemental du Tourisme &#8211; 35000 Rennes &#8211; t\u00e9l (33) 02 99 78 47 40<br \/>\n<a href=\"http:\/\/www.bretagne35.com\" target=\"_blank\">www.bretagne35.com<\/a><\/p>\n<p>\u25a0 Comit\u00e9 R\u00e9gional du Tourisme &#8211; 35000 Rennes<br \/>\n<a href=\"http:\/\/www.tourismebretagne.com\/\" target=\"_blank\">www.tourismebretagne.com<\/a><\/p>\n<p>\u25a0 Comit\u00e9 des parcs et jardins de France &#8211; 75007 Paris &#8211; t\u00e9l (33) 01 53 85 40 40<br \/>\n<a href=\"http:\/\/www.parcsetjardins.fr\" target=\"_blank\">www.parcsetjardins.fr<\/a><\/p>\n<p>\u25a0 La demeure historique &#8211; 75005 Paris &#8211; t\u00e9l (33) 01 55 42 60 00<br \/>\n<a href=\"http:\/\/www.demeure-historique.org\" target=\"_blank\">www.demeure-historique.org<\/a><\/p>\n<p>\u25a0 Jardinez.com<br \/>\n<a href=\"http:\/\/www.jardinez.com\" target=\"_blank\">www.jardinez.com<\/a><\/p>\n<p>\u25a0 European Boxwood and Topiary Society (EBTS)<br \/>\n<a href=\"http:\/\/www.ebts.org\" target=\"_blank\">www.ebts.org<\/a><\/p>\n<p>\u25a0 Conservatoire des jardins et paysages<br \/>\n<a href=\"http:\/\/www.conservatoire-jardins-paysages.com\" target=\"_blank\">www.conservatoire-jardins-paysages.com<\/a><\/p>\n<p>\u25a0 Soci\u00e9t\u00e9 Nationale d&#8217;Horticulture de France (SNHF)<br \/>\n<a href=\"http:\/\/www.snhf.org\" target=\"_blank\">www.snhf.org<\/a><\/p>\n<p>\u25a0 Soci\u00e9t\u00e9 pour la Protection des Paysages et de l&#8217;Esth\u00e9tique de la France (SPPEF)<br \/>\n<a href=\"http:\/\/sppef.free.fr\" target=\"_blank\">sppef.free.fr<\/a><\/p>\n<p>\u25a0 F\u00e9d\u00e9ration Nationale des Associations du Patrimoine (FNASSEM)<br \/>\n<a href=\"http:\/\/www.associations-patrimoine.org\" target=\"_blank\">www.associations-patrimoine.org<\/a><\/p>\n<p>\u25a0 Haute Bretagne Loisirs 35<br \/>\n<a href=\"http:\/\/www.loisirsbretagne35.com\" target=\"_blank\">www.loisirsbretagne35.com<\/a><\/p>\n<p>\u25a0 Association pour l&#8217;Environnement et le Paysage en Haute Bretagne Ille et Vilaine (AEPHB)<br \/>\n<a href=\"http:\/\/www.laballuegarden.com\/web\/association_environnement_paysage_haute_bretagne-contact.php\" target=\"_blank\">Contact<\/a><\/p>\n<p>\u25a0 G\u00eetes de France 35<br \/>\n<a href=\"http:\/\/www.gitesdefrance35.fr\" target=\"_blank\">www.gitesdefrance35.fr<\/a><\/p>\n<p><span style=\"color: #7d7660; font-size: x-large;\"><b><i>Autres jardins \u00e0 visiter en Bretagne<\/i><\/b><\/span><\/p>\n<p>\u25a0 Association des parcs et jardins de Bretagne<br \/>\n<a href=\"http:\/\/apjb.net\" target=\"_blank\">www.apjb.net<\/a><\/p><\/blockquote>\n<p>&nbsp;<\/p>\n","protected":false},"excerpt":{"rendered":"<p>\u25a0 Festivals Musiques Classiques Bretagne www.festivals-musiques-classiques-bretagne.com \u25a0 Cheques Cadeaux Culturels.com [&hellip;]<\/p>\n","protected":false},"author":2,"featured_media":0,"parent":0,"menu_order":0,"comment_status":"open","ping_status":"open","template":"","meta":{"footnotes":""},"class_list":["post-478","page","type-page","status-publish","hentry"],"yoast_head":"<!-- This site is optimized with the Yoast SEO plugin v25.2 - https:\/\/yoast.com\/wordpress\/plugins\/seo\/ -->\n<title>Links - Les Jardins de la Ballue<\/title>\n<meta name=\"robots\" content=\"index, follow, max-snippet:-1, max-image-preview:large, max-video-preview:-1\" \/>\n<link rel=\"canonical\" href=\"https:\/\/www.laballuejardin.com\/en\/links\" \/>\n<meta property=\"og:locale\" content=\"en_US\" \/>\n<meta property=\"og:type\" content=\"article\" \/>\n<meta property=\"og:title\" content=\"Links - Les Jardins de la Ballue\" \/>\n<meta property=\"og:description\" content=\"\u25a0 Festivals Musiques Classiques Bretagne www.festivals-musiques-classiques-bretagne.com \u25a0 Cheques Cadeaux Culturels.com [&hellip;]\" \/>\n<meta property=\"og:url\" content=\"https:\/\/www.laballuejardin.com\/en\/links\" \/>\n<meta property=\"og:site_name\" content=\"Les Jardins de la Ballue\" \/>\n<meta property=\"article:publisher\" content=\"https:\/\/www.facebook.com\/LaBalluesonchateauetsesjardins\" \/>\n<meta property=\"article:modified_time\" content=\"2015-05-27T10:15:46+00:00\" \/>\n<meta name=\"twitter:card\" content=\"summary_large_image\" \/>\n<script type=\"application\/ld+json\" class=\"yoast-schema-graph\">{\"@context\":\"https:\/\/schema.org\",\"@graph\":[{\"@type\":\"WebPage\",\"@id\":\"https:\/\/www.laballuejardin.com\/en\/links\",\"url\":\"https:\/\/www.laballuejardin.com\/en\/links\",\"name\":\"Links - Les Jardins de la Ballue\",\"isPartOf\":{\"@id\":\"https:\/\/www.laballuejardin.com\/en\/#website\"},\"datePublished\":\"2014-12-08T11:11:45+00:00\",\"dateModified\":\"2015-05-27T10:15:46+00:00\",\"breadcrumb\":{\"@id\":\"https:\/\/www.laballuejardin.com\/en\/links#breadcrumb\"},\"inLanguage\":\"en-US\",\"potentialAction\":[{\"@type\":\"ReadAction\",\"target\":[\"https:\/\/www.laballuejardin.com\/en\/links\"]}]},{\"@type\":\"BreadcrumbList\",\"@id\":\"https:\/\/www.laballuejardin.com\/en\/links#breadcrumb\",\"itemListElement\":[{\"@type\":\"ListItem\",\"position\":1,\"name\":\"Accueil\",\"item\":\"https:\/\/www.laballuejardin.com\/en\"},{\"@type\":\"ListItem\",\"position\":2,\"name\":\"Links\"}]},{\"@type\":\"WebSite\",\"@id\":\"https:\/\/www.laballuejardin.com\/en\/#website\",\"url\":\"https:\/\/www.laballuejardin.com\/en\/\",\"name\":\"Les Jardins de la Ballue\",\"description\":\"Joyaux du patrimoine d&#039;Ile et Vilaine\",\"publisher\":{\"@id\":\"https:\/\/www.laballuejardin.com\/en\/#organization\"},\"potentialAction\":[{\"@type\":\"SearchAction\",\"target\":{\"@type\":\"EntryPoint\",\"urlTemplate\":\"https:\/\/www.laballuejardin.com\/en\/?s={search_term_string}\"},\"query-input\":{\"@type\":\"PropertyValueSpecification\",\"valueRequired\":true,\"valueName\":\"search_term_string\"}}],\"inLanguage\":\"en-US\"},{\"@type\":\"Organization\",\"@id\":\"https:\/\/www.laballuejardin.com\/en\/#organization\",\"name\":\"les Jardins du ch\u00e2teau de la Ballue\",\"url\":\"https:\/\/www.laballuejardin.com\/en\/\",\"logo\":{\"@type\":\"ImageObject\",\"inLanguage\":\"en-US\",\"@id\":\"https:\/\/www.laballuejardin.com\/en\/#\/schema\/logo\/image\/\",\"url\":\"https:\/\/www.laballuejardin.com\/wp-content\/uploads\/2014\/12\/la-ballue-logo1.jpg\",\"contentUrl\":\"https:\/\/www.laballuejardin.com\/wp-content\/uploads\/2014\/12\/la-ballue-logo1.jpg\",\"width\":297,\"height\":69,\"caption\":\"les Jardins du ch\u00e2teau de la Ballue\"},\"image\":{\"@id\":\"https:\/\/www.laballuejardin.com\/en\/#\/schema\/logo\/image\/\"},\"sameAs\":[\"https:\/\/www.facebook.com\/LaBalluesonchateauetsesjardins\",\"https:\/\/www.instagram.com\/chateaudelaballue\/\",\"https:\/\/www.linkedin.com\/in\/marie-fran\u00e7oise-mathiot-mathon-17453a87?originalSubdomain=fr\",\"https:\/\/www.pinterest.fr\/laballue\/_created\/\",\"https:\/\/fr.wikipedia.org\/wiki\/Ch\u00e2teau_de_la_Ballue\"]}]}<\/script>\n<!-- \/ Yoast SEO plugin. -->","yoast_head_json":{"title":"Links - Les Jardins de la Ballue","robots":{"index":"index","follow":"follow","max-snippet":"max-snippet:-1","max-image-preview":"max-image-preview:large","max-video-preview":"max-video-preview:-1"},"canonical":"https:\/\/www.laballuejardin.com\/en\/links","og_locale":"en_US","og_type":"article","og_title":"Links - Les Jardins de la Ballue","og_description":"\u25a0 Festivals Musiques Classiques Bretagne www.festivals-musiques-classiques-bretagne.com \u25a0 Cheques Cadeaux Culturels.com [&hellip;]","og_url":"https:\/\/www.laballuejardin.com\/en\/links","og_site_name":"Les Jardins de la Ballue","article_publisher":"https:\/\/www.facebook.com\/LaBalluesonchateauetsesjardins","article_modified_time":"2015-05-27T10:15:46+00:00","twitter_card":"summary_large_image","schema":{"@context":"https:\/\/schema.org","@graph":[{"@type":"WebPage","@id":"https:\/\/www.laballuejardin.com\/en\/links","url":"https:\/\/www.laballuejardin.com\/en\/links","name":"Links - Les Jardins de la Ballue","isPartOf":{"@id":"https:\/\/www.laballuejardin.com\/en\/#website"},"datePublished":"2014-12-08T11:11:45+00:00","dateModified":"2015-05-27T10:15:46+00:00","breadcrumb":{"@id":"https:\/\/www.laballuejardin.com\/en\/links#breadcrumb"},"inLanguage":"en-US","potentialAction":[{"@type":"ReadAction","target":["https:\/\/www.laballuejardin.com\/en\/links"]}]},{"@type":"BreadcrumbList","@id":"https:\/\/www.laballuejardin.com\/en\/links#breadcrumb","itemListElement":[{"@type":"ListItem","position":1,"name":"Accueil","item":"https:\/\/www.laballuejardin.com\/en"},{"@type":"ListItem","position":2,"name":"Links"}]},{"@type":"WebSite","@id":"https:\/\/www.laballuejardin.com\/en\/#website","url":"https:\/\/www.laballuejardin.com\/en\/","name":"Les Jardins de la Ballue","description":"Joyaux du patrimoine d&#039;Ile et Vilaine","publisher":{"@id":"https:\/\/www.laballuejardin.com\/en\/#organization"},"potentialAction":[{"@type":"SearchAction","target":{"@type":"EntryPoint","urlTemplate":"https:\/\/www.laballuejardin.com\/en\/?s={search_term_string}"},"query-input":{"@type":"PropertyValueSpecification","valueRequired":true,"valueName":"search_term_string"}}],"inLanguage":"en-US"},{"@type":"Organization","@id":"https:\/\/www.laballuejardin.com\/en\/#organization","name":"les Jardins du ch\u00e2teau de la Ballue","url":"https:\/\/www.laballuejardin.com\/en\/","logo":{"@type":"ImageObject","inLanguage":"en-US","@id":"https:\/\/www.laballuejardin.com\/en\/#\/schema\/logo\/image\/","url":"https:\/\/www.laballuejardin.com\/wp-content\/uploads\/2014\/12\/la-ballue-logo1.jpg","contentUrl":"https:\/\/www.laballuejardin.com\/wp-content\/uploads\/2014\/12\/la-ballue-logo1.jpg","width":297,"height":69,"caption":"les Jardins du ch\u00e2teau de la Ballue"},"image":{"@id":"https:\/\/www.laballuejardin.com\/en\/#\/schema\/logo\/image\/"},"sameAs":["https:\/\/www.facebook.com\/LaBalluesonchateauetsesjardins","https:\/\/www.instagram.com\/chateaudelaballue\/","https:\/\/www.linkedin.com\/in\/marie-fran\u00e7oise-mathiot-mathon-17453a87?originalSubdomain=fr","https:\/\/www.pinterest.fr\/laballue\/_created\/","https:\/\/fr.wikipedia.org\/wiki\/Ch\u00e2teau_de_la_Ballue"]}]}},"_links":{"self":[{"href":"https:\/\/www.laballuejardin.com\/en\/wp-json\/wp\/v2\/pages\/478","targetHints":{"allow":["GET"]}}],"collection":[{"href":"https:\/\/www.laballuejardin.com\/en\/wp-json\/wp\/v2\/pages"}],"about":[{"href":"https:\/\/www.laballuejardin.com\/en\/wp-json\/wp\/v2\/types\/page"}],"author":[{"embeddable":true,"href":"https:\/\/www.laballuejardin.com\/en\/wp-json\/wp\/v2\/users\/2"}],"replies":[{"embeddable":true,"href":"https:\/\/www.laballuejardin.com\/en\/wp-json\/wp\/v2\/comments?post=478"}],"version-history":[{"count":1,"href":"https:\/\/www.laballuejardin.com\/en\/wp-json\/wp\/v2\/pages\/478\/revisions"}],"predecessor-version":[{"id":2004,"href":"https:\/\/www.laballuejardin.com\/en\/wp-json\/wp\/v2\/pages\/478\/revisions\/2004"}],"wp:attachment":[{"href":"https:\/\/www.laballuejardin.com\/en\/wp-json\/wp\/v2\/media?parent=478"}],"curies":[{"name":"wp","href":"https:\/\/api.w.org\/{rel}","templated":true}]}}