{"id":2219,"date":"2015-06-01T14:10:55","date_gmt":"2015-06-01T13:10:55","guid":{"rendered":"https:\/\/www.laballuejardin.com\/?page_id=2219"},"modified":"2022-05-20T13:28:14","modified_gmt":"2022-05-20T12:28:14","slug":"legal-notice","status":"publish","type":"page","link":"https:\/\/www.laballuejardin.com\/en\/legal-notice","title":{"rendered":"Legal notice"},"content":{"rendered":"<div class=\"fusion-fullwidth fullwidth-box fusion-builder-row-1 fusion-flex-container hundred-percent-fullwidth non-hundred-percent-height-scrolling\" style=\"--awb-border-radius-top-left:0px;--awb-border-radius-top-right:0px;--awb-border-radius-bottom-right:0px;--awb-border-radius-bottom-left:0px;--awb-overflow:visible;--awb-flex-wrap:wrap;\" ><div class=\"fusion-builder-row fusion-row fusion-flex-align-items-flex-start fusion-flex-content-wrap\" style=\"width:104% !important;max-width:104% !important;margin-left: calc(-4% \/ 2 );margin-right: calc(-4% \/ 2 );\"><div class=\"fusion-layout-column fusion_builder_column fusion-builder-column-0 fusion_builder_column_1_2 1_2 fusion-flex-column\" style=\"--awb-bg-size:cover;--awb-width-large:50%;--awb-margin-top-large:0px;--awb-spacing-right-large:3.84%;--awb-margin-bottom-large:20px;--awb-spacing-left-large:3.84%;--awb-width-medium:50%;--awb-spacing-right-medium:3.84%;--awb-spacing-left-medium:3.84%;--awb-width-small:100%;--awb-spacing-right-small:1.92%;--awb-spacing-left-small:1.92%;\"><div class=\"fusion-column-wrapper fusion-flex-justify-content-flex-start fusion-content-layout-column\"><img decoding=\"async\" class=\"alignleft size-full wp-image-1444\" src=\"https:\/\/www.laballuejardin.com\/wp-content\/uploads\/2014\/12\/salon-de-the-101.jpg\" alt=\"salon-de-the-10\" width=\"530\" height=\"362\" srcset=\"https:\/\/www.laballuejardin.com\/wp-content\/uploads\/2014\/12\/salon-de-the-101-300x205.jpg 300w, https:\/\/www.laballuejardin.com\/wp-content\/uploads\/2014\/12\/salon-de-the-101.jpg 530w\" sizes=\"(max-width: 530px) 100vw, 530px\" \/><\/div><\/div>\n<div class=\"fusion-layout-column fusion_builder_column fusion-builder-column-1 fusion_builder_column_1_2 1_2 fusion-flex-column\" style=\"--awb-bg-size:cover;--awb-width-large:50%;--awb-margin-top-large:0px;--awb-spacing-right-large:3.84%;--awb-margin-bottom-large:20px;--awb-spacing-left-large:3.84%;--awb-width-medium:50%;--awb-spacing-right-medium:3.84%;--awb-spacing-left-medium:3.84%;--awb-width-small:100%;--awb-spacing-right-small:1.92%;--awb-spacing-left-small:1.92%;\"><div class=\"fusion-column-wrapper fusion-flex-justify-content-flex-start fusion-content-layout-column\">\n<strong>Publication : <\/strong> Directeur de publication : MF Mathon<\/p>\n<p><strong>Soci\u00e9t\u00e9 civile immobili\u00e8re au capital de 1000,00 \u20ac<\/strong><br \/>\nRCD : 48372620400017<br \/>\nAPE : 6820B<br \/>\nSi\u00e8ge Social : Ch\u00e2teau de La Ballue<br \/>\n35560 Bazouges La P\u00e9rouse.<br \/>\nN\u00b0TVA : FR 3648\/3 7\/2 6\/204<\/p>\n<p>T\u00e9l. : 02 99 97 47 86<br \/>\nFax : 02 99 97 47 70<\/p>\n<p><strong>H\u00e9bergeur<\/strong> : OVH<\/p>\n<p><strong>R\u00e9alisation <\/strong>: <a href=\"http:\/\/www.hotelmarketing35.com\/\" target=\"_blank\" rel=\"noopener\">HotelMarketing35<\/a><\/p>\n<p><strong>CREDITS<\/strong> : Texte: Ch\u00e2teau de La Ballue \u00a0&#8211;\u00a0 <strong>Photos : <\/strong>Yann Monel<\/p>\n<p><strong><br \/>\nPROTECTION DE DONNEES PERSONNELLES<\/strong> : Les Jardins de La Ballue veille \u00e0 la protection des Donn\u00e9es Personnelles des Utilisateurs conform\u00e9ment aux dispositions de la Loi n \u00b0 78-17 Informatique et Libert\u00e9s du 6 janvier 1978.<br \/>\nPar l&#8217;interm\u00e9diaire de son site Internet, les Jardins de la Ballue peuvent \u00eatre amen\u00e9 \u00e0 collecter des donn\u00e9es personnelles de toute personne adressant une question ou effectuant un achat de ticket de visite en ligne.<br \/>\nLe traitement de donn\u00e9es personnelles transmises par l&#8217;Utilisateur aux Jardins La Ballue est soumise aux dispositions de la Loi n \u00b0 78-17 Informatique et Libert\u00e9s du 6 janvier 1978 (modifi\u00e9e). L&#8217;utilisateur dispose d&#8217;un droit d&#8217;acc\u00e8s, de rectification et de suppression des informations personnelles le concernant \u00e0 tout moment en adressant un courrier \u00e0 l&#8217;Adresse suivante: Ch\u00e2teau La Ballue \u2013 35\u00a0560 Bazouges la P\u00e9rouse France &#8211; T\u00e9l\u00e9phone: +33 (0) 2 99 97 47 86 ou par Email \u00e0 : <a href=\"mailto:chateau@la-ballue.com\">chateau@la-ballue.com<\/a><br \/>\nLes Jardins de la Ballue s\u2019engagent \u00e0 garantir la confidentialit\u00e9 des donn\u00e9es et \u00e9vite leur divulgation \u00e0 des tiers non autoris\u00e9s. Aucune donn\u00e9e personnelle n\u2019est collect\u00e9e \u00e0 votre insu.<\/p>\n<p><u>Objectif de la collecte des donn\u00e9es<\/u>\u00a0: les informations collect\u00e9es sont indispensables pour r\u00e9pondre aux demandes des utilisateurs et ont pour objectifs\u00a0:<br \/>\n&#8211; la gestion de vos demandes d\u2019informations\u00a0et de vos inscriptions aux \u00e9v\u00e8nements du lieu ;<br \/>\n&#8211; la gestion de vos demandes de droit d\u2019acc\u00e8s, d\u2019interrogation, de rectification et d\u2019opposition pour motifs l\u00e9gitimes et d\u2019opposition \u00e0 la prospection commerciale.<br \/>\nLes informations obligatoires (Nom, pr\u00e9nom, e-mail de l&#8217;Utilisateur) sont mentionn\u00e9es par un ast\u00e9risque sur les formulaires de collecte. Si les champs comportant des informations renseign\u00e9s par un ast\u00e9risque ne sont pas renseign\u00e9s, les Jardins de La Ballue ne pourront traiter les demandes des utilisateurs. Pour les services de r\u00e9servation en ligne, les donn\u00e9es des utilisateurs sont stock\u00e9es sur un serveur centralis\u00e9 h\u00e9berg\u00e9 par le fournisseur Billetweb (soci\u00e9t\u00e9 Trustweb).<\/p>\n<\/div><\/div><\/div><\/div>\n","protected":false},"excerpt":{"rendered":"","protected":false},"author":2,"featured_media":0,"parent":0,"menu_order":0,"comment_status":"closed","ping_status":"closed","template":"","meta":{"footnotes":""},"class_list":["post-2219","page","type-page","status-publish","hentry"],"yoast_head":"<!-- This site is optimized with the Yoast SEO plugin v25.2 - https:\/\/yoast.com\/wordpress\/plugins\/seo\/ -->\n<title>Legal notice - Les Jardins de la Ballue<\/title>\n<meta name=\"robots\" content=\"noindex, nofollow\" \/>\n<meta property=\"og:locale\" content=\"en_US\" \/>\n<meta property=\"og:type\" content=\"article\" \/>\n<meta property=\"og:title\" content=\"Legal notice - Les Jardins de la Ballue\" \/>\n<meta property=\"og:url\" content=\"https:\/\/www.laballuejardin.com\/en\/legal-notice\" \/>\n<meta property=\"og:site_name\" content=\"Les Jardins de la Ballue\" \/>\n<meta property=\"article:publisher\" content=\"https:\/\/www.facebook.com\/LaBalluesonchateauetsesjardins\" \/>\n<meta property=\"article:modified_time\" content=\"2022-05-20T12:28:14+00:00\" \/>\n<meta property=\"og:image\" content=\"https:\/\/www.laballuejardin.com\/wp-content\/uploads\/2014\/12\/salon-de-the-101.jpg\" \/>\n<meta name=\"twitter:card\" content=\"summary_large_image\" \/>\n<script type=\"application\/ld+json\" class=\"yoast-schema-graph\">{\"@context\":\"https:\/\/schema.org\",\"@graph\":[{\"@type\":\"WebPage\",\"@id\":\"https:\/\/www.laballuejardin.com\/en\/legal-notice\",\"url\":\"https:\/\/www.laballuejardin.com\/en\/legal-notice\",\"name\":\"Legal notice - Les Jardins de la Ballue\",\"isPartOf\":{\"@id\":\"https:\/\/www.laballuejardin.com\/en\/#website\"},\"primaryImageOfPage\":{\"@id\":\"https:\/\/www.laballuejardin.com\/en\/legal-notice#primaryimage\"},\"image\":{\"@id\":\"https:\/\/www.laballuejardin.com\/en\/legal-notice#primaryimage\"},\"thumbnailUrl\":\"https:\/\/www.laballuejardin.com\/wp-content\/uploads\/2014\/12\/salon-de-the-101.jpg\",\"datePublished\":\"2015-06-01T13:10:55+00:00\",\"dateModified\":\"2022-05-20T12:28:14+00:00\",\"breadcrumb\":{\"@id\":\"https:\/\/www.laballuejardin.com\/en\/legal-notice#breadcrumb\"},\"inLanguage\":\"en-US\",\"potentialAction\":[{\"@type\":\"ReadAction\",\"target\":[\"https:\/\/www.laballuejardin.com\/en\/legal-notice\"]}]},{\"@type\":\"ImageObject\",\"inLanguage\":\"en-US\",\"@id\":\"https:\/\/www.laballuejardin.com\/en\/legal-notice#primaryimage\",\"url\":\"https:\/\/www.laballuejardin.com\/wp-content\/uploads\/2014\/12\/salon-de-the-101.jpg\",\"contentUrl\":\"https:\/\/www.laballuejardin.com\/wp-content\/uploads\/2014\/12\/salon-de-the-101.jpg\"},{\"@type\":\"BreadcrumbList\",\"@id\":\"https:\/\/www.laballuejardin.com\/en\/legal-notice#breadcrumb\",\"itemListElement\":[{\"@type\":\"ListItem\",\"position\":1,\"name\":\"Accueil\",\"item\":\"https:\/\/www.laballuejardin.com\/en\"},{\"@type\":\"ListItem\",\"position\":2,\"name\":\"Legal notice\"}]},{\"@type\":\"WebSite\",\"@id\":\"https:\/\/www.laballuejardin.com\/en\/#website\",\"url\":\"https:\/\/www.laballuejardin.com\/en\/\",\"name\":\"Les Jardins de la Ballue\",\"description\":\"Joyaux du patrimoine d&#039;Ile et Vilaine\",\"publisher\":{\"@id\":\"https:\/\/www.laballuejardin.com\/en\/#organization\"},\"potentialAction\":[{\"@type\":\"SearchAction\",\"target\":{\"@type\":\"EntryPoint\",\"urlTemplate\":\"https:\/\/www.laballuejardin.com\/en\/?s={search_term_string}\"},\"query-input\":{\"@type\":\"PropertyValueSpecification\",\"valueRequired\":true,\"valueName\":\"search_term_string\"}}],\"inLanguage\":\"en-US\"},{\"@type\":\"Organization\",\"@id\":\"https:\/\/www.laballuejardin.com\/en\/#organization\",\"name\":\"les Jardins du ch\u00e2teau de la Ballue\",\"url\":\"https:\/\/www.laballuejardin.com\/en\/\",\"logo\":{\"@type\":\"ImageObject\",\"inLanguage\":\"en-US\",\"@id\":\"https:\/\/www.laballuejardin.com\/en\/#\/schema\/logo\/image\/\",\"url\":\"https:\/\/www.laballuejardin.com\/wp-content\/uploads\/2014\/12\/la-ballue-logo1.jpg\",\"contentUrl\":\"https:\/\/www.laballuejardin.com\/wp-content\/uploads\/2014\/12\/la-ballue-logo1.jpg\",\"width\":297,\"height\":69,\"caption\":\"les Jardins du ch\u00e2teau de la Ballue\"},\"image\":{\"@id\":\"https:\/\/www.laballuejardin.com\/en\/#\/schema\/logo\/image\/\"},\"sameAs\":[\"https:\/\/www.facebook.com\/LaBalluesonchateauetsesjardins\",\"https:\/\/www.instagram.com\/chateaudelaballue\/\",\"https:\/\/www.linkedin.com\/in\/marie-fran\u00e7oise-mathiot-mathon-17453a87?originalSubdomain=fr\",\"https:\/\/www.pinterest.fr\/laballue\/_created\/\",\"https:\/\/fr.wikipedia.org\/wiki\/Ch\u00e2teau_de_la_Ballue\"]}]}<\/script>\n<!-- \/ Yoast SEO plugin. -->","yoast_head_json":{"title":"Legal notice - Les Jardins de la Ballue","robots":{"index":"noindex","follow":"nofollow"},"og_locale":"en_US","og_type":"article","og_title":"Legal notice - Les Jardins de la Ballue","og_url":"https:\/\/www.laballuejardin.com\/en\/legal-notice","og_site_name":"Les Jardins de la Ballue","article_publisher":"https:\/\/www.facebook.com\/LaBalluesonchateauetsesjardins","article_modified_time":"2022-05-20T12:28:14+00:00","og_image":[{"url":"https:\/\/www.laballuejardin.com\/wp-content\/uploads\/2014\/12\/salon-de-the-101.jpg","type":"","width":"","height":""}],"twitter_card":"summary_large_image","schema":{"@context":"https:\/\/schema.org","@graph":[{"@type":"WebPage","@id":"https:\/\/www.laballuejardin.com\/en\/legal-notice","url":"https:\/\/www.laballuejardin.com\/en\/legal-notice","name":"Legal notice - Les Jardins de la Ballue","isPartOf":{"@id":"https:\/\/www.laballuejardin.com\/en\/#website"},"primaryImageOfPage":{"@id":"https:\/\/www.laballuejardin.com\/en\/legal-notice#primaryimage"},"image":{"@id":"https:\/\/www.laballuejardin.com\/en\/legal-notice#primaryimage"},"thumbnailUrl":"https:\/\/www.laballuejardin.com\/wp-content\/uploads\/2014\/12\/salon-de-the-101.jpg","datePublished":"2015-06-01T13:10:55+00:00","dateModified":"2022-05-20T12:28:14+00:00","breadcrumb":{"@id":"https:\/\/www.laballuejardin.com\/en\/legal-notice#breadcrumb"},"inLanguage":"en-US","potentialAction":[{"@type":"ReadAction","target":["https:\/\/www.laballuejardin.com\/en\/legal-notice"]}]},{"@type":"ImageObject","inLanguage":"en-US","@id":"https:\/\/www.laballuejardin.com\/en\/legal-notice#primaryimage","url":"https:\/\/www.laballuejardin.com\/wp-content\/uploads\/2014\/12\/salon-de-the-101.jpg","contentUrl":"https:\/\/www.laballuejardin.com\/wp-content\/uploads\/2014\/12\/salon-de-the-101.jpg"},{"@type":"BreadcrumbList","@id":"https:\/\/www.laballuejardin.com\/en\/legal-notice#breadcrumb","itemListElement":[{"@type":"ListItem","position":1,"name":"Accueil","item":"https:\/\/www.laballuejardin.com\/en"},{"@type":"ListItem","position":2,"name":"Legal notice"}]},{"@type":"WebSite","@id":"https:\/\/www.laballuejardin.com\/en\/#website","url":"https:\/\/www.laballuejardin.com\/en\/","name":"Les Jardins de la Ballue","description":"Joyaux du patrimoine d&#039;Ile et Vilaine","publisher":{"@id":"https:\/\/www.laballuejardin.com\/en\/#organization"},"potentialAction":[{"@type":"SearchAction","target":{"@type":"EntryPoint","urlTemplate":"https:\/\/www.laballuejardin.com\/en\/?s={search_term_string}"},"query-input":{"@type":"PropertyValueSpecification","valueRequired":true,"valueName":"search_term_string"}}],"inLanguage":"en-US"},{"@type":"Organization","@id":"https:\/\/www.laballuejardin.com\/en\/#organization","name":"les Jardins du ch\u00e2teau de la Ballue","url":"https:\/\/www.laballuejardin.com\/en\/","logo":{"@type":"ImageObject","inLanguage":"en-US","@id":"https:\/\/www.laballuejardin.com\/en\/#\/schema\/logo\/image\/","url":"https:\/\/www.laballuejardin.com\/wp-content\/uploads\/2014\/12\/la-ballue-logo1.jpg","contentUrl":"https:\/\/www.laballuejardin.com\/wp-content\/uploads\/2014\/12\/la-ballue-logo1.jpg","width":297,"height":69,"caption":"les Jardins du ch\u00e2teau de la Ballue"},"image":{"@id":"https:\/\/www.laballuejardin.com\/en\/#\/schema\/logo\/image\/"},"sameAs":["https:\/\/www.facebook.com\/LaBalluesonchateauetsesjardins","https:\/\/www.instagram.com\/chateaudelaballue\/","https:\/\/www.linkedin.com\/in\/marie-fran\u00e7oise-mathiot-mathon-17453a87?originalSubdomain=fr","https:\/\/www.pinterest.fr\/laballue\/_created\/","https:\/\/fr.wikipedia.org\/wiki\/Ch\u00e2teau_de_la_Ballue"]}]}},"_links":{"self":[{"href":"https:\/\/www.laballuejardin.com\/en\/wp-json\/wp\/v2\/pages\/2219","targetHints":{"allow":["GET"]}}],"collection":[{"href":"https:\/\/www.laballuejardin.com\/en\/wp-json\/wp\/v2\/pages"}],"about":[{"href":"https:\/\/www.laballuejardin.com\/en\/wp-json\/wp\/v2\/types\/page"}],"author":[{"embeddable":true,"href":"https:\/\/www.laballuejardin.com\/en\/wp-json\/wp\/v2\/users\/2"}],"replies":[{"embeddable":true,"href":"https:\/\/www.laballuejardin.com\/en\/wp-json\/wp\/v2\/comments?post=2219"}],"version-history":[{"count":3,"href":"https:\/\/www.laballuejardin.com\/en\/wp-json\/wp\/v2\/pages\/2219\/revisions"}],"predecessor-version":[{"id":4794,"href":"https:\/\/www.laballuejardin.com\/en\/wp-json\/wp\/v2\/pages\/2219\/revisions\/4794"}],"wp:attachment":[{"href":"https:\/\/www.laballuejardin.com\/en\/wp-json\/wp\/v2\/media?parent=2219"}],"curies":[{"name":"wp","href":"https:\/\/api.w.org\/{rel}","templated":true}]}}